{"id":1741,"date":"2020-04-10T14:25:18","date_gmt":"2020-04-10T17:25:18","guid":{"rendered":"http:\/\/bizix.premiumthemes.in\/?page_id=1741"},"modified":"2022-07-15T12:05:33","modified_gmt":"2022-07-15T15:05:33","slug":"portfolio","status":"publish","type":"page","link":"http:\/\/construtoraccs.com.br\/index.php\/portfolio\/","title":{"rendered":"Empreendimentos"},"content":{"rendered":"\t\t<div data-elementor-type=\"wp-page\" data-elementor-id=\"1741\" class=\"elementor elementor-1741\" data-elementor-settings=\"[]\">\n\t\t\t\t\t\t<div class=\"elementor-inner\">\n\t\t\t\t\t\t\t<div class=\"elementor-section-wrap\">\n\t\t\t\t\t\t\t<section class=\"elementor-section elementor-top-section elementor-element elementor-element-ae7661a elementor-section-boxed elementor-section-height-default elementor-section-height-default\" data-id=\"ae7661a\" data-element_type=\"section\">\n\t\t\t\t\t\t<div class=\"elementor-container elementor-column-gap-default\">\n\t\t\t\t\t\t\t<div class=\"elementor-row\">\n\t\t\t\t\t<div class=\"elementor-column elementor-col-100 elementor-top-column elementor-element elementor-element-9348f1e\" data-id=\"9348f1e\" data-element_type=\"column\">\n\t\t\t<div class=\"elementor-column-wrap elementor-element-populated\">\n\t\t\t\t\t\t\t<div class=\"elementor-widget-wrap\">\n\t\t\t\t\t\t<div class=\"elementor-element elementor-element-bb10ecf elementor-grid-3 elementor-grid-tablet-2 elementor-grid-mobile-1 elementor-widget elementor-widget-gyan_portfolio\" data-id=\"bb10ecf\" data-element_type=\"widget\" data-settings=\"{&quot;columns&quot;:&quot;3&quot;,&quot;columns_tablet&quot;:&quot;2&quot;,&quot;columns_mobile&quot;:&quot;1&quot;}\" data-widget_type=\"gyan_portfolio.default\">\n\t\t\t\t<div class=\"elementor-widget-container\">\n\t\t\t        <div class=\"gyan-portfolio gyan-portfolio-bb10ecf\"\n        data-layout=\"grid\" data-rtl=\"false\">\n\n            <div class=\"gyan-portfolio-btns\"><button class=\"gyan-portfolio-btn gyan-button is-checked\" data-filter=\"*\">TODOS<\/button><button href=\"#\" class=\"gyan-portfolio-btn gyan-button\" data-filter=\".cat-25\" title=\"Entregues\">Entregues<\/button><button href=\"#\" class=\"gyan-portfolio-btn gyan-button\" data-filter=\".cat-26\" title=\"Lan\u00e7amentos\">Lan\u00e7amentos<\/button>\n<\/div>\n            <div class=\"gyan-portfolio-grid gyan-elementor-grid gyan-pf-style-3 gyan-pf-overlay-scale gyan-pf-content-center\" >\n                                    <div class=\"gyan-portfolio-item gyan-grid-item-wrap cat-25\">\n                            <div class=\"gyan-portfolio-item-inner gyan-grid-item\">\n                                <div class=\"gyan-portfolio-img-holder\">\n\n    <img decoding=\"async\" src=\"http:\/\/construtoraccs.com.br\/wp-content\/uploads\/2024\/10\/miniatura_lancamentos_a01-670x580.jpg\" alt=\"\">\n\n    \n        <div class=\"gyan-portfolio-overlay gyan-overlay gyan-flex\">\n\n            \n                <div class=\"gyan-portfolio-hover-icons gyan-flex gyan-ease-transition\"><a href=\"http:\/\/construtoraccs.com.br\/index.php\/portfolio-item\/estancia-das-flores\/\" class=\"gyan-portfolio-link-icon gyan-ease-transition gyan-flex\"><span class=\"gyan-icon\"><i aria-hidden=\"true\" class=\"fas fa-link\"><\/i><\/span><\/a><\/div>\n\n            \n\n        <\/div>\n\n     \n<\/div>\n<div class=\"clear\"><\/div>\n\n\n<div class=\"gyan-portfolio-all-content gyan-ease-transition\">\n\n        <div class=\"gyan-portfolio-content gyan-ease-transition\">\n\n                             <div class=\"gyan-portfolio-title\">\n                    <h4  class=\"gyan-portfolio-title-tag\">\n                                            <a href=\"http:\/\/construtoraccs.com.br\/index.php\/portfolio-item\/estancia-das-flores\/\" class=\"gyan-portfolio-title-link\">\n                    \n                    Est\u00e2ncia das Flores\n                                            <\/a>\n                                        <\/h4>\n                <\/div>\n            \n            <div class=\"gyan-portfolio-category\">Entregues<\/div>\n                             <div class=\"gyan-portfolio-excerpt\">Situado na cidade de Par\u00e1 de Minas-MG, o empreendimento foi lan\u00e7ado em 2024 \u00e9 sin\u00f4nimo de requinte, sofistica\u00e7\u00e3o e exclusividade.<\/div>\n            \n        <\/div>\n<\/div>\n\n                            <\/div>\n                        <\/div>\n                                                    <div class=\"gyan-portfolio-item gyan-grid-item-wrap cat-26\">\n                            <div class=\"gyan-portfolio-item-inner gyan-grid-item\">\n                                <div class=\"gyan-portfolio-img-holder\">\n\n    <img decoding=\"async\" src=\"http:\/\/construtoraccs.com.br\/wp-content\/uploads\/2022\/07\/P03_Rotatoriaequadra-1-670x670.jpg\" alt=\"\">\n\n    \n        <div class=\"gyan-portfolio-overlay gyan-overlay gyan-flex\">\n\n            \n                <div class=\"gyan-portfolio-hover-icons gyan-flex gyan-ease-transition\"><a href=\"http:\/\/construtoraccs.com.br\/index.php\/portfolio-item\/vista-da-serra\/\" class=\"gyan-portfolio-link-icon gyan-ease-transition gyan-flex\"><span class=\"gyan-icon\"><i aria-hidden=\"true\" class=\"fas fa-link\"><\/i><\/span><\/a><\/div>\n\n            \n\n        <\/div>\n\n     \n<\/div>\n<div class=\"clear\"><\/div>\n\n\n<div class=\"gyan-portfolio-all-content gyan-ease-transition\">\n\n        <div class=\"gyan-portfolio-content gyan-ease-transition\">\n\n                             <div class=\"gyan-portfolio-title\">\n                    <h4  class=\"gyan-portfolio-title-tag\">\n                                            <a href=\"http:\/\/construtoraccs.com.br\/index.php\/portfolio-item\/vista-da-serra\/\" class=\"gyan-portfolio-title-link\">\n                    \n                    Vista da Serra\n                                            <\/a>\n                                        <\/h4>\n                <\/div>\n            \n            <div class=\"gyan-portfolio-category\">Lan\u00e7amentos<\/div>\n                             <div class=\"gyan-portfolio-excerpt\">O primeiro bairro planejado de Nova Uni\u00e3o-MG.<\/div>\n            \n        <\/div>\n<\/div>\n\n                            <\/div>\n                        <\/div>\n                                                    <div class=\"gyan-portfolio-item gyan-grid-item-wrap cat-26\">\n                            <div class=\"gyan-portfolio-item-inner gyan-grid-item\">\n                                <div class=\"gyan-portfolio-img-holder\">\n\n    <img decoding=\"async\" src=\"http:\/\/construtoraccs.com.br\/wp-content\/uploads\/2022\/07\/211107_P01_Recanto-670x670.png\" alt=\"\">\n\n    \n        <div class=\"gyan-portfolio-overlay gyan-overlay gyan-flex\">\n\n            \n                <div class=\"gyan-portfolio-hover-icons gyan-flex gyan-ease-transition\"><a href=\"http:\/\/construtoraccs.com.br\/index.php\/portfolio-item\/recanto-da-jaguara\/\" class=\"gyan-portfolio-link-icon gyan-ease-transition gyan-flex\"><span class=\"gyan-icon\"><i aria-hidden=\"true\" class=\"fas fa-link\"><\/i><\/span><\/a><\/div>\n\n            \n\n        <\/div>\n\n     \n<\/div>\n<div class=\"clear\"><\/div>\n\n\n<div class=\"gyan-portfolio-all-content gyan-ease-transition\">\n\n        <div class=\"gyan-portfolio-content gyan-ease-transition\">\n\n                             <div class=\"gyan-portfolio-title\">\n                    <h4  class=\"gyan-portfolio-title-tag\">\n                                            <a href=\"http:\/\/construtoraccs.com.br\/index.php\/portfolio-item\/recanto-da-jaguara\/\" class=\"gyan-portfolio-title-link\">\n                    \n                    Fazendas Recanto da Jaguara\n                                            <\/a>\n                                        <\/h4>\n                <\/div>\n            \n            <div class=\"gyan-portfolio-category\">Lan\u00e7amentos<\/div>\n                             <div class=\"gyan-portfolio-excerpt\">Tipo empreendimento: Chacreamento\r\nStatus:  Em obras\r\nLocal: Jaboticatubas - MG\r\nUnidades: 50 \r\n<\/div>\n            \n        <\/div>\n<\/div>\n\n                            <\/div>\n                        <\/div>\n                                                    <div class=\"gyan-portfolio-item gyan-grid-item-wrap cat-26\">\n                            <div class=\"gyan-portfolio-item-inner gyan-grid-item\">\n                                <div class=\"gyan-portfolio-img-holder\">\n\n    <img decoding=\"async\" src=\"http:\/\/construtoraccs.com.br\/wp-content\/uploads\/2022\/07\/Alto-da-Jaguara_peq-670x670.png\" alt=\"\">\n\n    \n        <div class=\"gyan-portfolio-overlay gyan-overlay gyan-flex\">\n\n            \n                <div class=\"gyan-portfolio-hover-icons gyan-flex gyan-ease-transition\"><a href=\"http:\/\/construtoraccs.com.br\/index.php\/portfolio-item\/alto-da-jaguara\/\" class=\"gyan-portfolio-link-icon gyan-ease-transition gyan-flex\"><span class=\"gyan-icon\"><i aria-hidden=\"true\" class=\"fas fa-link\"><\/i><\/span><\/a><\/div>\n\n            \n\n        <\/div>\n\n     \n<\/div>\n<div class=\"clear\"><\/div>\n\n\n<div class=\"gyan-portfolio-all-content gyan-ease-transition\">\n\n        <div class=\"gyan-portfolio-content gyan-ease-transition\">\n\n                             <div class=\"gyan-portfolio-title\">\n                    <h4  class=\"gyan-portfolio-title-tag\">\n                                            <a href=\"http:\/\/construtoraccs.com.br\/index.php\/portfolio-item\/alto-da-jaguara\/\" class=\"gyan-portfolio-title-link\">\n                    \n                    Alto da Jaguara\n                                            <\/a>\n                                        <\/h4>\n                <\/div>\n            \n            <div class=\"gyan-portfolio-category\">Lan\u00e7amentos<\/div>\n                             <div class=\"gyan-portfolio-excerpt\">Um ref\u00fagio com vista espetacular, seguran\u00e7a e privacidade.<\/div>\n            \n        <\/div>\n<\/div>\n\n                            <\/div>\n                        <\/div>\n                                                    <div class=\"gyan-portfolio-item gyan-grid-item-wrap cat-26\">\n                            <div class=\"gyan-portfolio-item-inner gyan-grid-item\">\n                                <div class=\"gyan-portfolio-img-holder\">\n\n    <img decoding=\"async\" src=\"http:\/\/construtoraccs.com.br\/wp-content\/uploads\/2022\/07\/P03_Rotatoriaequadra-1-670x670.jpg\" alt=\"\">\n\n    \n        <div class=\"gyan-portfolio-overlay gyan-overlay gyan-flex\">\n\n            \n                <div class=\"gyan-portfolio-hover-icons gyan-flex gyan-ease-transition\"><a href=\"http:\/\/construtoraccs.com.br\/index.php\/portfolio-item\/estancia-dos-cristais\/\" class=\"gyan-portfolio-link-icon gyan-ease-transition gyan-flex\"><span class=\"gyan-icon\"><i aria-hidden=\"true\" class=\"fas fa-link\"><\/i><\/span><\/a><\/div>\n\n            \n\n        <\/div>\n\n     \n<\/div>\n<div class=\"clear\"><\/div>\n\n\n<div class=\"gyan-portfolio-all-content gyan-ease-transition\">\n\n        <div class=\"gyan-portfolio-content gyan-ease-transition\">\n\n                             <div class=\"gyan-portfolio-title\">\n                    <h4  class=\"gyan-portfolio-title-tag\">\n                                            <a href=\"http:\/\/construtoraccs.com.br\/index.php\/portfolio-item\/estancia-dos-cristais\/\" class=\"gyan-portfolio-title-link\">\n                    \n                    Est\u00e2ncia dos Cristais\n                                            <\/a>\n                                        <\/h4>\n                <\/div>\n            \n            <div class=\"gyan-portfolio-category\">Lan\u00e7amentos<\/div>\n                             <div class=\"gyan-portfolio-excerpt\">O primeiro bairro planejado de Corinto.<\/div>\n            \n        <\/div>\n<\/div>\n\n                            <\/div>\n                        <\/div>\n                                                    <div class=\"gyan-portfolio-item gyan-grid-item-wrap cat-25\">\n                            <div class=\"gyan-portfolio-item-inner gyan-grid-item\">\n                                <div class=\"gyan-portfolio-img-holder\">\n\n    <img decoding=\"async\" src=\"http:\/\/construtoraccs.com.br\/wp-content\/uploads\/2020\/09\/estancia_silveira_a02.png\" alt=\"\">\n\n    \n        <div class=\"gyan-portfolio-overlay gyan-overlay gyan-flex\">\n\n            \n                <div class=\"gyan-portfolio-hover-icons gyan-flex gyan-ease-transition\"><a href=\"http:\/\/construtoraccs.com.br\/index.php\/portfolio-item\/estancia-silveira\/\" class=\"gyan-portfolio-link-icon gyan-ease-transition gyan-flex\"><span class=\"gyan-icon\"><i aria-hidden=\"true\" class=\"fas fa-link\"><\/i><\/span><\/a><\/div>\n\n            \n\n        <\/div>\n\n     \n<\/div>\n<div class=\"clear\"><\/div>\n\n\n<div class=\"gyan-portfolio-all-content gyan-ease-transition\">\n\n        <div class=\"gyan-portfolio-content gyan-ease-transition\">\n\n                             <div class=\"gyan-portfolio-title\">\n                    <h4  class=\"gyan-portfolio-title-tag\">\n                                            <a href=\"http:\/\/construtoraccs.com.br\/index.php\/portfolio-item\/estancia-silveira\/\" class=\"gyan-portfolio-title-link\">\n                    \n                    Est\u00e2ncia Silveira\n                                            <\/a>\n                                        <\/h4>\n                <\/div>\n            \n            <div class=\"gyan-portfolio-category\">Entregues<\/div>\n                             <div class=\"gyan-portfolio-excerpt\">Projeto criado em 2011 para quem valoriza a vida em comunidade, com proximidade e companheirismo, com grande aten\u00e7\u00e3o \u00e0 qualidade de vida e ao cuidado com o meio ambiente em Contagem-MG.<\/div>\n            \n        <\/div>\n<\/div>\n\n                            <\/div>\n                        <\/div>\n                                                    <div class=\"gyan-portfolio-item gyan-grid-item-wrap cat-25\">\n                            <div class=\"gyan-portfolio-item-inner gyan-grid-item\">\n                                <div class=\"gyan-portfolio-img-holder\">\n\n    <img decoding=\"async\" src=\"http:\/\/construtoraccs.com.br\/wp-content\/uploads\/2020\/09\/estancia_dos_lagos_a02.png\" alt=\"\">\n\n    \n        <div class=\"gyan-portfolio-overlay gyan-overlay gyan-flex\">\n\n            \n                <div class=\"gyan-portfolio-hover-icons gyan-flex gyan-ease-transition\"><a href=\"http:\/\/construtoraccs.com.br\/index.php\/portfolio-item\/estancia-dos-lagos\/\" class=\"gyan-portfolio-link-icon gyan-ease-transition gyan-flex\"><span class=\"gyan-icon\"><i aria-hidden=\"true\" class=\"fas fa-link\"><\/i><\/span><\/a><\/div>\n\n            \n\n        <\/div>\n\n     \n<\/div>\n<div class=\"clear\"><\/div>\n\n\n<div class=\"gyan-portfolio-all-content gyan-ease-transition\">\n\n        <div class=\"gyan-portfolio-content gyan-ease-transition\">\n\n                             <div class=\"gyan-portfolio-title\">\n                    <h4  class=\"gyan-portfolio-title-tag\">\n                                            <a href=\"http:\/\/construtoraccs.com.br\/index.php\/portfolio-item\/estancia-dos-lagos\/\" class=\"gyan-portfolio-title-link\">\n                    \n                    Est\u00e2ncia dos Lagos\n                                            <\/a>\n                                        <\/h4>\n                <\/div>\n            \n            <div class=\"gyan-portfolio-category\">Entregues<\/div>\n                             <div class=\"gyan-portfolio-excerpt\">O primeiro condom\u00ednio planejado de Santa Luzia foi criado para aliar qualidade de vida e seguran\u00e7a em um grande centro urbano.<\/div>\n            \n        <\/div>\n<\/div>\n\n                            <\/div>\n                        <\/div>\n                                                    <div class=\"gyan-portfolio-item gyan-grid-item-wrap cat-25\">\n                            <div class=\"gyan-portfolio-item-inner gyan-grid-item\">\n                                <div class=\"gyan-portfolio-img-holder\">\n\n    <img decoding=\"async\" src=\"http:\/\/construtoraccs.com.br\/wp-content\/uploads\/2020\/09\/portfolio_estancia_da_mata_a02.png\" alt=\"\">\n\n    \n        <div class=\"gyan-portfolio-overlay gyan-overlay gyan-flex\">\n\n            \n                <div class=\"gyan-portfolio-hover-icons gyan-flex gyan-ease-transition\"><a href=\"http:\/\/construtoraccs.com.br\/index.php\/portfolio-item\/estancia-da-mata\/\" class=\"gyan-portfolio-link-icon gyan-ease-transition gyan-flex\"><span class=\"gyan-icon\"><i aria-hidden=\"true\" class=\"fas fa-link\"><\/i><\/span><\/a><\/div>\n\n            \n\n        <\/div>\n\n     \n<\/div>\n<div class=\"clear\"><\/div>\n\n\n<div class=\"gyan-portfolio-all-content gyan-ease-transition\">\n\n        <div class=\"gyan-portfolio-content gyan-ease-transition\">\n\n                             <div class=\"gyan-portfolio-title\">\n                    <h4  class=\"gyan-portfolio-title-tag\">\n                                            <a href=\"http:\/\/construtoraccs.com.br\/index.php\/portfolio-item\/estancia-da-mata\/\" class=\"gyan-portfolio-title-link\">\n                    \n                    Est\u00e2ncia da Mata\n                                            <\/a>\n                                        <\/h4>\n                <\/div>\n            \n            <div class=\"gyan-portfolio-category\">Entregues<\/div>\n                             <div class=\"gyan-portfolio-excerpt\">Situado na cidade de Matozinhos-MG, o empreendimento foi lan\u00e7ado em 2015 para oferecer o que h\u00e1 de mais moderno na concep\u00e7\u00e3o urban\u00edstica para quem quer viver na cidade com \"ar de campo\".<\/div>\n            \n        <\/div>\n<\/div>\n\n                            <\/div>\n                        <\/div>\n                                        <\/div><div class=\"clear\"><\/div>\n        <\/div>\n\n         \n        \t\t<\/div>\n\t\t\t\t<\/div>\n\t\t\t\t\t\t<\/div>\n\t\t\t\t\t<\/div>\n\t\t<\/div>\n\t\t\t\t\t\t\t\t<\/div>\n\t\t\t\t\t<\/div>\n\t\t<\/section>\n\t\t\t\t\t\t<\/div>\n\t\t\t\t\t\t<\/div>\n\t\t\t\t\t<\/div>\n\t\t","protected":false},"excerpt":{"rendered":"<p>TODOSEntreguesLan\u00e7amentos Fazendas Recanto da Jaguara Lan\u00e7amentos Voc\u00ea no campo, conectado com a cidade. Alto da Jaguara Lan\u00e7amentos Um ref\u00fagio com vista espetacular, seguran\u00e7a e privacidade. Est\u00e2ncia dos Cristais Lan\u00e7amentos O primeiro bairro planejado de Corinto. Parques do Vale Adquirido em 2013, em Ipatinga, o Distrito Industrial disp\u00f5e de lotes de [&hellip;]<\/p>\n","protected":false},"author":1,"featured_media":0,"parent":0,"menu_order":0,"comment_status":"closed","ping_status":"closed","template":"elementor_header_footer","meta":{"footnotes":""},"class_list":["post-1741","page","type-page","status-publish","hentry"],"_links":{"self":[{"href":"http:\/\/construtoraccs.com.br\/index.php\/wp-json\/wp\/v2\/pages\/1741","targetHints":{"allow":["GET"]}}],"collection":[{"href":"http:\/\/construtoraccs.com.br\/index.php\/wp-json\/wp\/v2\/pages"}],"about":[{"href":"http:\/\/construtoraccs.com.br\/index.php\/wp-json\/wp\/v2\/types\/page"}],"author":[{"embeddable":true,"href":"http:\/\/construtoraccs.com.br\/index.php\/wp-json\/wp\/v2\/users\/1"}],"replies":[{"embeddable":true,"href":"http:\/\/construtoraccs.com.br\/index.php\/wp-json\/wp\/v2\/comments?post=1741"}],"version-history":[{"count":38,"href":"http:\/\/construtoraccs.com.br\/index.php\/wp-json\/wp\/v2\/pages\/1741\/revisions"}],"predecessor-version":[{"id":2568,"href":"http:\/\/construtoraccs.com.br\/index.php\/wp-json\/wp\/v2\/pages\/1741\/revisions\/2568"}],"wp:attachment":[{"href":"http:\/\/construtoraccs.com.br\/index.php\/wp-json\/wp\/v2\/media?parent=1741"}],"curies":[{"name":"wp","href":"https:\/\/api.w.org\/{rel}","templated":true}]}}