{"id":2579,"date":"2022-07-18T10:39:03","date_gmt":"2022-07-18T13:39:03","guid":{"rendered":"http:\/\/construtoraccs.com.br\/?page_id=2579"},"modified":"2024-10-18T17:34:52","modified_gmt":"2024-10-18T20:34:52","slug":"empreendimentos","status":"publish","type":"page","link":"https:\/\/construtoraccs.com.br\/index.php\/empreendimentos\/","title":{"rendered":"Empreendimentos"},"content":{"rendered":"\t\t<div data-elementor-type=\"wp-page\" data-elementor-id=\"2579\" class=\"elementor elementor-2579\" data-elementor-settings=\"[]\">\n\t\t\t\t\t\t<div class=\"elementor-inner\">\n\t\t\t\t\t\t\t<div class=\"elementor-section-wrap\">\n\t\t\t\t\t\t\t<section class=\"elementor-section elementor-top-section elementor-element elementor-element-303869ea elementor-section-stretched elementor-section-boxed elementor-section-height-default elementor-section-height-default\" data-id=\"303869ea\" data-element_type=\"section\" data-settings=\"{&quot;stretch_section&quot;:&quot;section-stretched&quot;,&quot;background_background&quot;:&quot;classic&quot;}\">\n\t\t\t\t\t\t<div class=\"elementor-container elementor-column-gap-no\">\n\t\t\t\t\t\t\t<div class=\"elementor-row\">\n\t\t\t\t\t<div class=\"elementor-column elementor-col-100 elementor-top-column elementor-element elementor-element-472c4bf0\" data-id=\"472c4bf0\" data-element_type=\"column\">\n\t\t\t<div class=\"elementor-column-wrap elementor-element-populated\">\n\t\t\t\t\t\t\t<div class=\"elementor-widget-wrap\">\n\t\t\t\t\t\t<section class=\"elementor-section elementor-inner-section elementor-element elementor-element-e41d216 elementor-section-boxed elementor-section-height-default elementor-section-height-default\" data-id=\"e41d216\" data-element_type=\"section\">\n\t\t\t\t\t\t<div class=\"elementor-container elementor-column-gap-no\">\n\t\t\t\t\t\t\t<div class=\"elementor-row\">\n\t\t\t\t\t<div class=\"elementor-column elementor-col-50 elementor-inner-column elementor-element elementor-element-3538572\" data-id=\"3538572\" data-element_type=\"column\">\n\t\t\t<div class=\"elementor-column-wrap elementor-element-populated\">\n\t\t\t\t\t\t\t<div class=\"elementor-widget-wrap\">\n\t\t\t\t\t\t<div class=\"elementor-element elementor-element-7442674 gyan-title-st-line-after elementor-widget elementor-widget-gyan_title\" data-id=\"7442674\" data-element_type=\"widget\" data-widget_type=\"gyan_title.default\">\n\t\t\t\t<div class=\"elementor-widget-container\">\n\t\t\t\t\t<div class=\"gyan-title\">\r\n\t\t\t<div class=\"gyan-title-subtitle\"><span>Portf\u00f3lio<\/span><\/div><h2 class=\"gyan-title-heading\">Lan\u00e7amentos<\/h2>\t\t<\/div>\r\n\t\t\t\t<\/div>\n\t\t\t\t<\/div>\n\t\t\t\t\t\t<\/div>\n\t\t\t\t\t<\/div>\n\t\t<\/div>\n\t\t\t\t<div class=\"elementor-column elementor-col-50 elementor-inner-column elementor-element elementor-element-64d5cc4\" data-id=\"64d5cc4\" data-element_type=\"column\">\n\t\t\t<div class=\"elementor-column-wrap\">\n\t\t\t\t\t\t\t<div class=\"elementor-widget-wrap\">\n\t\t\t\t\t\t\t\t<\/div>\n\t\t\t\t\t<\/div>\n\t\t<\/div>\n\t\t\t\t\t\t\t\t<\/div>\n\t\t\t\t\t<\/div>\n\t\t<\/section>\n\t\t\t\t<div class=\"elementor-element elementor-element-87289ec elementor-grid-3 elementor-grid-tablet-2 elementor-grid-mobile-1 elementor-invisible elementor-widget elementor-widget-gyan_services_full_text\" data-id=\"87289ec\" data-element_type=\"widget\" data-settings=\"{&quot;_animation&quot;:&quot;fadeIn&quot;,&quot;columns&quot;:&quot;3&quot;,&quot;columns_tablet&quot;:&quot;2&quot;,&quot;columns_mobile&quot;:&quot;1&quot;}\" data-widget_type=\"gyan_services_full_text.default\">\n\t\t\t\t<div class=\"elementor-widget-container\">\n\t\t\t\n\t\t<div class=\"gyan-services-full-container gyan-services-full-container-87289ec\" data-layout=\"grid\" data-rtl=\"false\">\n\n\t\t\t<div class=\"gyan-services-full-items gyan-elementor-grid\">\n\n\t\t\t\t\n\t\t\t\t\t<div class=\"gyan-service-full-item gyan-grid-item-wrap\">\n\t\t\t\t\t\t<div class=\"gyan-services-full gyan-grid-item gyan-ease-transition\">\n\t\t\t\t\t\t\t<div class=\"gyan-services-full-img\"><img decoding=\"async\" src=\"https:\/\/construtoraccs.com.br\/wp-content\/uploads\/2024\/10\/miniatura_lancamentos_a01-1-850x580.jpg\" alt=\"\"><\/div><div class=\"gyan-services-full-content\"><div class=\"gyan-services-full-icon-wrap\"><div class=\"gyan-services-full-icon gyan-icon\"><i aria-hidden=\"true\" class=\"fas fa-building\"><\/i><\/div><\/div><div class=\"gyan-services-full-title-desc\"><h3 class=\"gyan-services-full-title\"><a href=\"https:\/\/construtoraccs.com.br\/index.php\/portfolio-item\/estancia-das-flores\/\" class=\"gyan-service-full-link\">Est\u00e2ncia das Flores <br> <br>Par\u00e1 de Minas- MG<\/a><\/h3><div class=\"gyan-services-full-desc\"><b>Tipo de empreendimento:<\/b> <br>condom\u00ednio fechado <br>\n<b>Status:<\/b> lan\u00e7amento<br>\n<b>Cidade:<\/b> Par\u00e1 de Minas-MG<br>\n<b>Unidades:<\/b> 220<\/div><\/div><a href=\"https:\/\/construtoraccs.com.br\/index.php\/portfolio-item\/estancia-das-flores\/\" class=\"gyan-service-full-link gyan-services-full-button gyan-ease-transition gyan-flex\"><span class=\"gyan-services-full-button-text\">Ver mais<\/span><span class=\"gyan-services-full-button-arrow\"><\/span><\/a><\/div>\t\t\t\t\t\t<\/div>\n\t\t\t\t\t<\/div>\n\n\t\t\t\t \n\t\t\t\t\t<div class=\"gyan-service-full-item gyan-grid-item-wrap\">\n\t\t\t\t\t\t<div class=\"gyan-services-full gyan-grid-item gyan-ease-transition\">\n\t\t\t\t\t\t\t<div class=\"gyan-services-full-img\"><img decoding=\"async\" src=\"https:\/\/construtoraccs.com.br\/wp-content\/uploads\/2024\/04\/DJI_0007-5-850x580.jpg\" alt=\"\"><\/div><div class=\"gyan-services-full-content\"><div class=\"gyan-services-full-icon-wrap\"><div class=\"gyan-services-full-icon gyan-icon\"><i aria-hidden=\"true\" class=\"fas fa-building\"><\/i><\/div><\/div><div class=\"gyan-services-full-title-desc\"><h3 class=\"gyan-services-full-title\"><a href=\"https:\/\/construtoraccs.com.br\/index.php\/portfolio-item\/vista-da-serra\/\" class=\"gyan-service-full-link\">Vista da Serra <br> <br>Nova Uni\u00e3o - MG<\/a><\/h3><div class=\"gyan-services-full-desc\"><b>Tipo de empreendimento:<\/b> <br>loteamento <br>\n<b>Status:<\/b> lan\u00e7amento<br>\n<b>Cidade:<\/b> Nova Uni\u00e3o-MG<br>\n<b>Unidades:<\/b> 107<\/div><\/div><a href=\"https:\/\/construtoraccs.com.br\/index.php\/portfolio-item\/vista-da-serra\/\" class=\"gyan-service-full-link gyan-services-full-button gyan-ease-transition gyan-flex\"><span class=\"gyan-services-full-button-text\">Ver mais<\/span><span class=\"gyan-services-full-button-arrow\"><\/span><\/a><\/div>\t\t\t\t\t\t<\/div>\n\t\t\t\t\t<\/div>\n\n\t\t\t\t \n\t\t\t <\/div> <!-- gyan-services-full-items -->\n\t\t\t <div class=\"clear\"><\/div>\n\n\t\t<\/div>\n\n\t\t\t<\/div>\n\t\t\t\t<\/div>\n\t\t\t\t<section class=\"elementor-section elementor-inner-section elementor-element elementor-element-3b4e0011 elementor-section-boxed elementor-section-height-default elementor-section-height-default\" data-id=\"3b4e0011\" data-element_type=\"section\">\n\t\t\t\t\t\t<div class=\"elementor-container elementor-column-gap-no\">\n\t\t\t\t\t\t\t<div class=\"elementor-row\">\n\t\t\t\t\t<div class=\"elementor-column elementor-col-100 elementor-inner-column elementor-element elementor-element-898f72d\" data-id=\"898f72d\" data-element_type=\"column\">\n\t\t\t<div class=\"elementor-column-wrap\">\n\t\t\t\t\t\t\t<div class=\"elementor-widget-wrap\">\n\t\t\t\t\t\t\t\t<\/div>\n\t\t\t\t\t<\/div>\n\t\t<\/div>\n\t\t\t\t\t\t\t\t<\/div>\n\t\t\t\t\t<\/div>\n\t\t<\/section>\n\t\t\t\t<div class=\"elementor-element elementor-element-2e2b3695 gyan-title-st-line-after elementor-widget elementor-widget-gyan_title\" data-id=\"2e2b3695\" data-element_type=\"widget\" data-widget_type=\"gyan_title.default\">\n\t\t\t\t<div class=\"elementor-widget-container\">\n\t\t\t\t\t<div class=\"gyan-title\">\r\n\t\t\t<div class=\"gyan-title-subtitle\"><span>Portf\u00f3lio<\/span><\/div><h2 class=\"gyan-title-heading\">Projetos entregues<\/h2>\t\t<\/div>\r\n\t\t\t\t<\/div>\n\t\t\t\t<\/div>\n\t\t\t\t<div class=\"elementor-element elementor-element-203c1ae7 elementor-grid-3 elementor-grid-tablet-2 elementor-grid-mobile-1 elementor-invisible elementor-widget elementor-widget-gyan_services_full_text\" data-id=\"203c1ae7\" data-element_type=\"widget\" data-settings=\"{&quot;_animation&quot;:&quot;fadeIn&quot;,&quot;columns&quot;:&quot;3&quot;,&quot;columns_tablet&quot;:&quot;2&quot;,&quot;columns_mobile&quot;:&quot;1&quot;}\" data-widget_type=\"gyan_services_full_text.default\">\n\t\t\t\t<div class=\"elementor-widget-container\">\n\t\t\t\n\t\t<div class=\"gyan-services-full-container gyan-services-full-container-203c1ae7\" data-layout=\"grid\" data-rtl=\"false\">\n\n\t\t\t<div class=\"gyan-services-full-items gyan-elementor-grid\">\n\n\t\t\t\t\n\t\t\t\t\t<div class=\"gyan-service-full-item gyan-grid-item-wrap\">\n\t\t\t\t\t\t<div class=\"gyan-services-full gyan-grid-item gyan-ease-transition\">\n\t\t\t\t\t\t\t<div class=\"gyan-services-full-img\"><img decoding=\"async\" src=\"https:\/\/construtoraccs.com.br\/wp-content\/uploads\/2022\/07\/estancia_silveira.jpg\" alt=\"\"><\/div><div class=\"gyan-services-full-content\"><div class=\"gyan-services-full-icon-wrap\"><div class=\"gyan-services-full-icon gyan-icon\"><i aria-hidden=\"true\" class=\"fas fa-building\"><\/i><\/div><\/div><div class=\"gyan-services-full-title-desc\"><h3 class=\"gyan-services-full-title\"><a href=\"http:\/\/construtoraccs.com.br\/index.php\/portfolio-item\/estancia-silveira\/\" class=\"gyan-service-full-link\">Est\u00e2ncia Silveira<\/a><\/h3><div class=\"gyan-services-full-desc\"><b>Tipo de empreendimento:<\/b> <br>condom\u00ednio fechado <br>\n<b>Status:<\/b> entregue<br>\n<b>Cidade:<\/b> Contagem-MG<br>\n<b>Unidades:<\/b> 173<\/div><\/div><a href=\"http:\/\/construtoraccs.com.br\/index.php\/portfolio-item\/estancia-silveira\/\" class=\"gyan-service-full-link gyan-services-full-button gyan-ease-transition gyan-flex\"><span class=\"gyan-services-full-button-text\">Ver mais<\/span><span class=\"gyan-services-full-button-arrow\"><\/span><\/a><\/div>\t\t\t\t\t\t<\/div>\n\t\t\t\t\t<\/div>\n\n\t\t\t\t \n\t\t\t\t\t<div class=\"gyan-service-full-item gyan-grid-item-wrap\">\n\t\t\t\t\t\t<div class=\"gyan-services-full gyan-grid-item gyan-ease-transition\">\n\t\t\t\t\t\t\t<div class=\"gyan-services-full-img\"><img decoding=\"async\" src=\"https:\/\/construtoraccs.com.br\/wp-content\/uploads\/2022\/07\/estancia_lagos.jpg\" alt=\"\"><\/div><div class=\"gyan-services-full-content\"><div class=\"gyan-services-full-icon-wrap\"><div class=\"gyan-services-full-icon gyan-icon\"><i aria-hidden=\"true\" class=\"far fa-building\"><\/i><\/div><\/div><div class=\"gyan-services-full-title-desc\"><h3 class=\"gyan-services-full-title\"><a href=\"http:\/\/construtoraccs.com.br\/index.php\/portfolio-item\/estancia-dos-lagos\/\" class=\"gyan-service-full-link\">Est\u00e2ncia dos Lagos<\/a><\/h3><div class=\"gyan-services-full-desc\"><b>Tipo de empreendimento:<\/b> <br>condom\u00ednio fechado <br>\n<b>Status:<\/b> entregue<br>\n<b>Cidade:<\/b> Santa Luzia - MG<br>\n<b>Unidades:<\/b> 181<\/div><\/div><a href=\"http:\/\/construtoraccs.com.br\/index.php\/portfolio-item\/estancia-dos-lagos\/\" class=\"gyan-service-full-link gyan-services-full-button gyan-ease-transition gyan-flex\"><span class=\"gyan-services-full-button-text\">Ver mais<\/span><span class=\"gyan-services-full-button-arrow\"><\/span><\/a><\/div>\t\t\t\t\t\t<\/div>\n\t\t\t\t\t<\/div>\n\n\t\t\t\t \n\t\t\t\t\t<div class=\"gyan-service-full-item gyan-grid-item-wrap\">\n\t\t\t\t\t\t<div class=\"gyan-services-full gyan-grid-item gyan-ease-transition\">\n\t\t\t\t\t\t\t<div class=\"gyan-services-full-img\"><img decoding=\"async\" src=\"https:\/\/construtoraccs.com.br\/wp-content\/uploads\/2022\/07\/estancia_mata.jpg\" alt=\"\"><\/div><div class=\"gyan-services-full-content\"><div class=\"gyan-services-full-icon-wrap\"><div class=\"gyan-services-full-icon gyan-icon\"><i aria-hidden=\"true\" class=\"fas fa-building\"><\/i><\/div><\/div><div class=\"gyan-services-full-title-desc\"><h3 class=\"gyan-services-full-title\"><a href=\"http:\/\/construtoraccs.com.br\/index.php\/portfolio-item\/estancia-da-mata\/\" class=\"gyan-service-full-link\">Est\u00e2ncia da Mata<\/a><\/h3><div class=\"gyan-services-full-desc\"><b>Tipo de empreendimento:<\/b> <br>condom\u00ednio fechado <br>\n<b>Status:<\/b> entregue<br>\n<b>Cidade:<\/b> Matozinhos - MG<br>\n<b>Unidades:<\/b> 208<\/div><\/div><a href=\"http:\/\/construtoraccs.com.br\/index.php\/portfolio-item\/estancia-da-mata\/\" class=\"gyan-service-full-link gyan-services-full-button gyan-ease-transition gyan-flex\"><span class=\"gyan-services-full-button-text\">Ver mais<\/span><span class=\"gyan-services-full-button-arrow\"><\/span><\/a><\/div>\t\t\t\t\t\t<\/div>\n\t\t\t\t\t<\/div>\n\n\t\t\t\t \n\t\t\t <\/div> <!-- gyan-services-full-items -->\n\t\t\t <div class=\"clear\"><\/div>\n\n\t\t<\/div>\n\n\t\t\t<\/div>\n\t\t\t\t<\/div>\n\t\t\t\t<div class=\"elementor-element elementor-element-a68191e elementor-grid-3 elementor-grid-tablet-2 elementor-grid-mobile-1 elementor-invisible elementor-widget elementor-widget-gyan_services_full_text\" data-id=\"a68191e\" data-element_type=\"widget\" data-settings=\"{&quot;_animation&quot;:&quot;fadeIn&quot;,&quot;columns&quot;:&quot;3&quot;,&quot;columns_tablet&quot;:&quot;2&quot;,&quot;columns_mobile&quot;:&quot;1&quot;}\" data-widget_type=\"gyan_services_full_text.default\">\n\t\t\t\t<div class=\"elementor-widget-container\">\n\t\t\t\n\t\t<div class=\"gyan-services-full-container gyan-services-full-container-a68191e\" data-layout=\"grid\" data-rtl=\"false\">\n\n\t\t\t<div class=\"gyan-services-full-items gyan-elementor-grid\">\n\n\t\t\t\t\n\t\t\t\t\t<div class=\"gyan-service-full-item gyan-grid-item-wrap\">\n\t\t\t\t\t\t<div class=\"gyan-services-full gyan-grid-item gyan-ease-transition\">\n\t\t\t\t\t\t\t<div class=\"gyan-services-full-img\"><img decoding=\"async\" src=\"https:\/\/construtoraccs.com.br\/wp-content\/uploads\/2022\/07\/Alto-da-Jaguara_peq-850x580.png\" alt=\"\"><\/div><div class=\"gyan-services-full-content\"><div class=\"gyan-services-full-icon-wrap\"><div class=\"gyan-services-full-icon gyan-icon\"><i aria-hidden=\"true\" class=\"fas fa-building\"><\/i><\/div><\/div><div class=\"gyan-services-full-title-desc\"><h3 class=\"gyan-services-full-title\"><a href=\"http:\/\/construtoraccs.com.br\/index.php\/portfolio-item\/alto-da-jaguara\/\" class=\"gyan-service-full-link\">Alto da Jaguara<\/a><\/h3><div class=\"gyan-services-full-desc\"><b>Tipo de empreendimento:<\/b> chacreamento <br>\n<b>Status:<\/b> lan\u00e7amento<br>\n<b>Cidade:<\/b> Jaboticatubas-MG<br>\n<b>Unidades:<\/b> 14<\/div><\/div><a href=\"http:\/\/construtoraccs.com.br\/index.php\/portfolio-item\/alto-da-jaguara\/\" class=\"gyan-service-full-link gyan-services-full-button gyan-ease-transition gyan-flex\"><span class=\"gyan-services-full-button-text\">Ver mais<\/span><span class=\"gyan-services-full-button-arrow\"><\/span><\/a><\/div>\t\t\t\t\t\t<\/div>\n\t\t\t\t\t<\/div>\n\n\t\t\t\t \n\t\t\t\t\t<div class=\"gyan-service-full-item gyan-grid-item-wrap\">\n\t\t\t\t\t\t<div class=\"gyan-services-full gyan-grid-item gyan-ease-transition\">\n\t\t\t\t\t\t\t<div class=\"gyan-services-full-img\"><img decoding=\"async\" src=\"https:\/\/construtoraccs.com.br\/wp-content\/uploads\/2024\/07\/recanto_jaguara.png\" alt=\"\"><\/div><div class=\"gyan-services-full-content\"><div class=\"gyan-services-full-icon-wrap\"><div class=\"gyan-services-full-icon gyan-icon\"><i aria-hidden=\"true\" class=\"fas fa-building\"><\/i><\/div><\/div><div class=\"gyan-services-full-title-desc\"><h3 class=\"gyan-services-full-title\"><a href=\"http:\/\/construtoraccs.com.br\/index.php\/portfolio-item\/recanto-da-jaguara\/\" class=\"gyan-service-full-link\">Recanto da Jaguara<\/a><\/h3><div class=\"gyan-services-full-desc\"><b>Tipo de empreendimento:<\/b> chacreamento <br>\n<b>Status:<\/b> em obras<br>\n<b>Cidade:<\/b> Jaboticatubas-MG<br>\n<b>Unidades:<\/b> 51<\/div><\/div><a href=\"http:\/\/construtoraccs.com.br\/index.php\/portfolio-item\/recanto-da-jaguara\/\" class=\"gyan-service-full-link gyan-services-full-button gyan-ease-transition gyan-flex\"><span class=\"gyan-services-full-button-text\">Ver mais<\/span><span class=\"gyan-services-full-button-arrow\"><\/span><\/a><\/div>\t\t\t\t\t\t<\/div>\n\t\t\t\t\t<\/div>\n\n\t\t\t\t \n\t\t\t\t\t<div class=\"gyan-service-full-item gyan-grid-item-wrap\">\n\t\t\t\t\t\t<div class=\"gyan-services-full gyan-grid-item gyan-ease-transition\">\n\t\t\t\t\t\t\t<div class=\"gyan-services-full-img\"><img decoding=\"async\" src=\"https:\/\/construtoraccs.com.br\/wp-content\/uploads\/2024\/07\/estancia_dos_cristais.png\" alt=\"\"><\/div><div class=\"gyan-services-full-content\"><div class=\"gyan-services-full-icon-wrap\"><div class=\"gyan-services-full-icon gyan-icon\"><i aria-hidden=\"true\" class=\"fas fa-building\"><\/i><\/div><\/div><div class=\"gyan-services-full-title-desc\"><h3 class=\"gyan-services-full-title\"><a href=\"http:\/\/construtoraccs.com.br\/index.php\/portfolio-item\/estancia-dos-cristais\/\" class=\"gyan-service-full-link\">Est\u00e2ncia dos Cristais - <br><br>1\u00aa etapa<\/a><\/h3><div class=\"gyan-services-full-desc\"><b>Tipo de empreendimento:<\/b> loteamento <br>\n<b>Status:<\/b> entregue<br>\n<b>Cidade:<\/b> Corinto-MG<br>\n<b>Unidades:<\/b> 137<\/div><\/div><a href=\"http:\/\/construtoraccs.com.br\/index.php\/portfolio-item\/estancia-dos-cristais\/\" class=\"gyan-service-full-link gyan-services-full-button gyan-ease-transition gyan-flex\"><span class=\"gyan-services-full-button-text\">Ver mais<\/span><span class=\"gyan-services-full-button-arrow\"><\/span><\/a><\/div>\t\t\t\t\t\t<\/div>\n\t\t\t\t\t<\/div>\n\n\t\t\t\t \n\t\t\t <\/div> <!-- gyan-services-full-items -->\n\t\t\t <div class=\"clear\"><\/div>\n\n\t\t<\/div>\n\n\t\t\t<\/div>\n\t\t\t\t<\/div>\n\t\t\t\t\t\t<\/div>\n\t\t\t\t\t<\/div>\n\t\t<\/div>\n\t\t\t\t\t\t\t\t<\/div>\n\t\t\t\t\t<\/div>\n\t\t<\/section>\n\t\t\t\t\t\t<\/div>\n\t\t\t\t\t\t<\/div>\n\t\t\t\t\t<\/div>\n\t\t","protected":false},"excerpt":{"rendered":"<p>Portf\u00f3lio Lan\u00e7amentos Est\u00e2ncia das Flores Par\u00e1 de Minas- MG Tipo de empreendimento: condom\u00ednio fechado Status: lan\u00e7amento Cidade: Par\u00e1 de Minas-MG Unidades: 220Ver mais Vista da Serra Nova Uni\u00e3o &#8211; MG Tipo de empreendimento: loteamento Status: lan\u00e7amento Cidade: Nova Uni\u00e3o-MG Unidades: 107Ver mais Portf\u00f3lio Projetos entregues Est\u00e2ncia Silveira Tipo de empreendimento: [&hellip;]<\/p>\n","protected":false},"author":1,"featured_media":0,"parent":0,"menu_order":0,"comment_status":"closed","ping_status":"closed","template":"elementor_header_footer","meta":{"footnotes":""},"class_list":["post-2579","page","type-page","status-publish","hentry"],"_links":{"self":[{"href":"https:\/\/construtoraccs.com.br\/index.php\/wp-json\/wp\/v2\/pages\/2579","targetHints":{"allow":["GET"]}}],"collection":[{"href":"https:\/\/construtoraccs.com.br\/index.php\/wp-json\/wp\/v2\/pages"}],"about":[{"href":"https:\/\/construtoraccs.com.br\/index.php\/wp-json\/wp\/v2\/types\/page"}],"author":[{"embeddable":true,"href":"https:\/\/construtoraccs.com.br\/index.php\/wp-json\/wp\/v2\/users\/1"}],"replies":[{"embeddable":true,"href":"https:\/\/construtoraccs.com.br\/index.php\/wp-json\/wp\/v2\/comments?post=2579"}],"version-history":[{"count":24,"href":"https:\/\/construtoraccs.com.br\/index.php\/wp-json\/wp\/v2\/pages\/2579\/revisions"}],"predecessor-version":[{"id":2814,"href":"https:\/\/construtoraccs.com.br\/index.php\/wp-json\/wp\/v2\/pages\/2579\/revisions\/2814"}],"wp:attachment":[{"href":"https:\/\/construtoraccs.com.br\/index.php\/wp-json\/wp\/v2\/media?parent=2579"}],"curies":[{"name":"wp","href":"https:\/\/api.w.org\/{rel}","templated":true}]}}